

{"id":1386,"date":"2025-09-29T06:53:35","date_gmt":"2025-09-29T06:53:35","guid":{"rendered":"https:\/\/ammesvetri.com\/?page_id=1386"},"modified":"2025-09-29T06:53:35","modified_gmt":"2025-09-29T06:53:35","slug":"contactati-ne","status":"publish","type":"page","link":"https:\/\/ammesvetri.com\/?page_id=1386","title":{"rendered":"Contacta\u021bi-ne"},"content":{"rendered":"<p>Acest site este de\u021binut de Ammesvetri SRL. Ne str\u0103duim s\u0103 furniz\u0103m informa\u021bii relevante \u0219i utile utilizatorilor no\u0219tri.<\/p>\n<p>Numele companiei: Ammesvetri SRL<br \/>\nAdresa juridic\u0103: Bulevardul 15 Noiembrie 50, Bra\u0219ov 500096, Rom\u00e2nia<br \/>\nE-mail: <a href=\"mailto:info@ammesvetri.com\">info@ammesvetri.com<\/a><br \/>\nTelefon: <a href=\"tel:+40728930029\">+40728930029<\/a><br \/>\nDirector general: Sandu Prodan<br \/>\nNum\u0103rul de \u00eenregistrare: 38299938<br \/>\nDenumirea autorit\u0103\u021bii responsabile de \u00eenregistrare: Cabinet de avocat Valentin Bodea<br \/>\nAdresa autorit\u0103\u021bii de \u00eenregistrare: Strada Izvorul Rece Nr. 3, Bra\u0219ov 500097, Rom\u00e2nia<\/p>\n<p><b>Responsabilitatea con\u021binutului:<\/b><br \/>\nNu suntem responsabili pentru con\u021binutul link-urilor c\u0103tre site-uri web ale unor ter\u021be p\u0103r\u021bi care pot fi disponibile pe site-ul nostru. \u00centreaga responsabilitate pentru con\u021binutul acestor link-uri revine proprietarilor respectivi. Nu suntem r\u0103spunz\u0103tori pentru niciun fel de daune, directe sau indirecte, care decurg din utilizarea informa\u021biilor furnizate pe site-ul nostru.<\/p>\n<p><b>Drepturi de autor:<\/b><br \/>\nToate materialele de pe site-ul nostru web, inclusiv textele, imaginile, grafica, designul \u0219i software-ul sunt protejate prin drepturi de autor. Utilizarea sau distribuirea acestor elemente f\u0103r\u0103 permisiunea de\u021bin\u0103torului drepturilor de autor este interzis\u0103.<\/p>\n<p><b>Informa\u021bii de contact:<\/b><br \/>\nDac\u0103 ave\u021bi \u00eentreb\u0103ri sau comentarii cu privire la site-ul nostru web sau la compania noastr\u0103, v\u0103 rug\u0103m s\u0103 ne contacta\u021bi folosind informa\u021biile de contact enumerate mai sus.<\/p>\n<p><b>Politica de confiden\u021bialitate:<\/b><br \/>\nV\u0103 respect\u0103m confiden\u021bialitatea \u0219i v\u0103 protej\u0103m informa\u021biile personale. V\u0103 rug\u0103m s\u0103 consulta\u021bi politica noastr\u0103 de confiden\u021bialitate pentru mai multe informa\u021bii.<\/p>\n","protected":false},"excerpt":{"rendered":"<p>Acest site este de\u021binut de Ammesvetri SRL. Ne str\u0103duim s\u0103 furniz\u0103m informa\u021bii relevante \u0219i utile utilizatorilor no\u0219tri. Numele companiei: Ammesvetri SRL Adresa juridic\u0103: Bulevardul 15 Noiembrie 50, Bra\u0219ov 500096, Rom\u00e2nia&hellip;<\/p>\n","protected":false},"author":1,"featured_media":0,"parent":0,"menu_order":0,"comment_status":"closed","ping_status":"closed","template":"","meta":{"footnotes":""},"class_list":["post-1386","page","type-page","status-publish","hentry"],"_links":{"self":[{"href":"https:\/\/ammesvetri.com\/index.php?rest_route=\/wp\/v2\/pages\/1386","targetHints":{"allow":["GET"]}}],"collection":[{"href":"https:\/\/ammesvetri.com\/index.php?rest_route=\/wp\/v2\/pages"}],"about":[{"href":"https:\/\/ammesvetri.com\/index.php?rest_route=\/wp\/v2\/types\/page"}],"author":[{"embeddable":true,"href":"https:\/\/ammesvetri.com\/index.php?rest_route=\/wp\/v2\/users\/1"}],"replies":[{"embeddable":true,"href":"https:\/\/ammesvetri.com\/index.php?rest_route=%2Fwp%2Fv2%2Fcomments&post=1386"}],"version-history":[{"count":1,"href":"https:\/\/ammesvetri.com\/index.php?rest_route=\/wp\/v2\/pages\/1386\/revisions"}],"predecessor-version":[{"id":1387,"href":"https:\/\/ammesvetri.com\/index.php?rest_route=\/wp\/v2\/pages\/1386\/revisions\/1387"}],"wp:attachment":[{"href":"https:\/\/ammesvetri.com\/index.php?rest_route=%2Fwp%2Fv2%2Fmedia&parent=1386"}],"curies":[{"name":"wp","href":"https:\/\/api.w.org\/{rel}","templated":true}]}}