

{"id":1388,"date":"2025-09-29T06:53:51","date_gmt":"2025-09-29T06:53:51","guid":{"rendered":"https:\/\/ammesvetri.com\/?page_id=1388"},"modified":"2025-09-29T06:53:51","modified_gmt":"2025-09-29T06:53:51","slug":"cookie-uri","status":"publish","type":"page","link":"https:\/\/ammesvetri.com\/?page_id=1388","title":{"rendered":"Cookie-uri"},"content":{"rendered":"<p>Acest site utilizeaz\u0103 cookie-uri pentru a \u00eembun\u0103t\u0103\u021bi experien\u021ba utilizatorului. Prin utilizarea acestui site, sunte\u021bi de acord cu utilizarea cookie-urilor.<\/p>\n<p>\n            Ce sunt cookie-urile? Cookie-urile sunt fi\u0219iere text de mici dimensiuni stocate pe computerul dvs. care permit site-urilor web s\u0103 urm\u0103reasc\u0103 \u0219i s\u0103 stocheze informa\u021bii despre interac\u021biunea dvs. cu site-ul web. Aceste fi\u0219iere ne ajut\u0103 s\u0103 analiz\u0103m modul \u00een care utiliza\u021bi site-ul nostru \u0219i ne permit s\u0103 v\u0103 oferim un con\u021binut mai bun \u0219i mai relevant.\n        <\/p>\n<p>\n            Ce cookie-uri folosim? Utiliz\u0103m urm\u0103toarele tipuri de module cookie pe site-ul nostru web:<\/p>\n<p>            &#8211; Cookie-uri esen\u021biale: aceste cookie-uri sunt necesare pentru ca site-ul nostru web s\u0103 func\u021bioneze \u0219i ne permit s\u0103 folosim func\u021bii de baz\u0103, cum ar fi conectarea sau efectuarea de achizi\u021bii.<\/p>\n<p>            &#8211; Cookie-uri analitice: aceste cookie-uri ne ajut\u0103 s\u0103 urm\u0103rim modul \u00een care utiliza\u021bi site-ul nostru, astfel \u00eenc\u00e2t s\u0103 putem \u00eembun\u0103t\u0103\u021bi performan\u021ba \u0219i con\u021binutul acestuia.<\/p>\n<p>            &#8211; Cookie-uri publicitare: aceste cookie-uri ne permit s\u0103 v\u0103 oferim publicitate relevant\u0103 pe baza comportamentului dvs. pe site-ul nostru.\n        <\/p>\n<p>Cum pute\u021bi gestiona cookie-urile? Pute\u021bi activa sau dezactiva cookie-urile pe acest site web. Cu toate acestea, v\u0103 rug\u0103m s\u0103 re\u021bine\u021bi c\u0103 dezactivarea anumitor tipuri de module cookie poate afecta func\u021bionalitatea site-ului.<\/p>\n<p>\n            F\u0103c\u00e2nd clic pe butonul &#8222;Sunt de acord&#8221; de mai jos, sunte\u021bi de acord cu utilizarea tuturor tipurilor de module cookie pe acest site. Dac\u0103 nu dori\u021bi s\u0103 autoriza\u021bi utilizarea modulelor cookie, pute\u021bi selecta &#8222;Nu accept&#8221; \u0219i pute\u021bi continua s\u0103 utiliza\u021bi site-ul, \u00eens\u0103 este posibil ca anumite func\u021bionalit\u0103\u021bi s\u0103 fie restric\u021bionate.\n        <\/p>\n<p>Pentru mai multe informa\u021bii despre politica noastr\u0103 de confiden\u021bialitate \u0219i despre cookie-uri, consulta\u021bi pagina noastr\u0103 de informa\u021bii privind confiden\u021bialitatea.<\/p>\n<p>V\u0103 mul\u021bumim pentru \u00eencrederea acordat\u0103 \u0219i pentru utilizarea site-ului nostru.<\/p>\n","protected":false},"excerpt":{"rendered":"<p>Acest site utilizeaz\u0103 cookie-uri pentru a \u00eembun\u0103t\u0103\u021bi experien\u021ba utilizatorului. Prin utilizarea acestui site, sunte\u021bi de acord cu utilizarea cookie-urilor. Ce sunt cookie-urile? Cookie-urile sunt fi\u0219iere text de mici dimensiuni stocate&hellip;<\/p>\n","protected":false},"author":1,"featured_media":0,"parent":0,"menu_order":0,"comment_status":"closed","ping_status":"closed","template":"","meta":{"footnotes":""},"class_list":["post-1388","page","type-page","status-publish","hentry"],"_links":{"self":[{"href":"https:\/\/ammesvetri.com\/index.php?rest_route=\/wp\/v2\/pages\/1388","targetHints":{"allow":["GET"]}}],"collection":[{"href":"https:\/\/ammesvetri.com\/index.php?rest_route=\/wp\/v2\/pages"}],"about":[{"href":"https:\/\/ammesvetri.com\/index.php?rest_route=\/wp\/v2\/types\/page"}],"author":[{"embeddable":true,"href":"https:\/\/ammesvetri.com\/index.php?rest_route=\/wp\/v2\/users\/1"}],"replies":[{"embeddable":true,"href":"https:\/\/ammesvetri.com\/index.php?rest_route=%2Fwp%2Fv2%2Fcomments&post=1388"}],"version-history":[{"count":1,"href":"https:\/\/ammesvetri.com\/index.php?rest_route=\/wp\/v2\/pages\/1388\/revisions"}],"predecessor-version":[{"id":1389,"href":"https:\/\/ammesvetri.com\/index.php?rest_route=\/wp\/v2\/pages\/1388\/revisions\/1389"}],"wp:attachment":[{"href":"https:\/\/ammesvetri.com\/index.php?rest_route=%2Fwp%2Fv2%2Fmedia&parent=1388"}],"curies":[{"name":"wp","href":"https:\/\/api.w.org\/{rel}","templated":true}]}}